{"id":292,"date":"2025-04-21T09:22:52","date_gmt":"2025-04-21T14:22:52","guid":{"rendered":"https:\/\/coopservintes.com\/?page_id=292"},"modified":"2025-04-21T09:22:53","modified_gmt":"2025-04-21T14:22:53","slug":"carros-disponibles","status":"publish","type":"page","link":"https:\/\/coopservintes.com\/index.php\/carros-disponibles\/","title":{"rendered":"Carros disponibles"},"content":{"rendered":"\n<p><strong>\u00a1Bienvenido al nuevo espacio de oportunidades en Coopservintes!<\/strong><\/p>\n\n\n\n<p>\u00bfEst\u00e1s buscando un veh\u00edculo confiable y con respaldo? En esta secci\u00f3n de <strong>Clasificados<\/strong>, encontrar\u00e1s los carros de nuestros afiliados disponibles para la venta: veh\u00edculos que han sido parte de nuestra flota, cuidados con compromiso y listos para seguir rodando.<\/p>\n\n\n\n<p>Aqu\u00ed conectamos a quienes desean vender con quienes buscan invertir en movilidad segura y garantizada. \u00a1Es m\u00e1s que una vitrina, es una red de confianza cooperativa!<\/p>\n\n\n\n<p>Explora, encuentra y haz parte del camino con nosotros. <\/p>\n\n\n<h2 class=\"wp-block-post-title\">Carros disponibles<\/h2>\n\n\n<div class=\"wp-block-columns is-layout-flex wp-container-core-columns-is-layout-9d6595d7 wp-block-columns-is-layout-flex\">\n<div class=\"wp-block-column is-layout-flow wp-block-column-is-layout-flow\">\n<figure class=\"wp-block-gallery has-nested-images columns-default is-cropped wp-block-gallery-1 is-layout-flex wp-block-gallery-is-layout-flex\">\n<figure class=\"wp-block-image size-large\"><img loading=\"lazy\" decoding=\"async\" width=\"768\" height=\"1024\" data-id=\"294\" src=\"https:\/\/coopservintes.com\/wp-content\/uploads\/2025\/04\/WhatsApp-Image-2025-04-21-at-9.06.50-AM-2-768x1024.jpeg\" alt=\"\" class=\"wp-image-294\" srcset=\"https:\/\/coopservintes.com\/wp-content\/uploads\/2025\/04\/WhatsApp-Image-2025-04-21-at-9.06.50-AM-2-768x1024.jpeg 768w, https:\/\/coopservintes.com\/wp-content\/uploads\/2025\/04\/WhatsApp-Image-2025-04-21-at-9.06.50-AM-2-225x300.jpeg 225w, https:\/\/coopservintes.com\/wp-content\/uploads\/2025\/04\/WhatsApp-Image-2025-04-21-at-9.06.50-AM-2.jpeg 960w\" sizes=\"auto, (max-width: 768px) 100vw, 768px\" \/><\/figure>\n<\/figure>\n\n\n\n<figure class=\"wp-block-gallery has-nested-images columns-default is-cropped wp-block-gallery-2 is-layout-flex wp-block-gallery-is-layout-flex\"><\/figure>\n<\/div>\n\n\n\n<div class=\"wp-block-column is-layout-flow wp-block-column-is-layout-flow\">\n<h2 class=\"wp-block-heading\">Mazda BT50 4X4<\/h2>\n\n\n\n<p>Modelo 2012, Diesel 4&#215;4. Tiene placas de Manizales y est\u00e1 afiliado a Coopservintes <\/p>\n\n\n\n<p><strong>Valor: $65&#8217;000.000 <\/strong><\/p>\n\n\n\n<p>Comun\u00edcate al <strong>3113903951<\/strong><\/p>\n\n\n\n<div class=\"wp-block-group\"><div class=\"wp-block-group__inner-container is-layout-constrained wp-block-group-is-layout-constrained\"><\/div><\/div>\n\n\n\n<figure class=\"wp-block-gallery has-nested-images columns-default is-cropped wp-block-gallery-3 is-layout-flex wp-block-gallery-is-layout-flex\">\n<figure class=\"wp-block-image size-large\"><img loading=\"lazy\" decoding=\"async\" width=\"640\" height=\"640\" data-id=\"298\" src=\"https:\/\/coopservintes.com\/wp-content\/uploads\/2025\/04\/WhatsApp-Image-2025-04-21-at-9.06.50-AM.jpeg\" alt=\"\" class=\"wp-image-298\" srcset=\"https:\/\/coopservintes.com\/wp-content\/uploads\/2025\/04\/WhatsApp-Image-2025-04-21-at-9.06.50-AM.jpeg 640w, https:\/\/coopservintes.com\/wp-content\/uploads\/2025\/04\/WhatsApp-Image-2025-04-21-at-9.06.50-AM-300x300.jpeg 300w, https:\/\/coopservintes.com\/wp-content\/uploads\/2025\/04\/WhatsApp-Image-2025-04-21-at-9.06.50-AM-150x150.jpeg 150w\" sizes=\"auto, (max-width: 640px) 100vw, 640px\" \/><\/figure>\n\n\n\n<figure class=\"wp-block-image size-large\"><img loading=\"lazy\" decoding=\"async\" width=\"640\" height=\"640\" data-id=\"299\" src=\"https:\/\/coopservintes.com\/wp-content\/uploads\/2025\/04\/WhatsApp-Image-2025-04-21-at-9.06.49-AM-3.jpeg\" alt=\"\" class=\"wp-image-299\" srcset=\"https:\/\/coopservintes.com\/wp-content\/uploads\/2025\/04\/WhatsApp-Image-2025-04-21-at-9.06.49-AM-3.jpeg 640w, https:\/\/coopservintes.com\/wp-content\/uploads\/2025\/04\/WhatsApp-Image-2025-04-21-at-9.06.49-AM-3-300x300.jpeg 300w, https:\/\/coopservintes.com\/wp-content\/uploads\/2025\/04\/WhatsApp-Image-2025-04-21-at-9.06.49-AM-3-150x150.jpeg 150w\" sizes=\"auto, (max-width: 640px) 100vw, 640px\" \/><\/figure>\n<\/figure>\n<\/div>\n<\/div>\n\n\n\n<p><\/p>\n","protected":false},"excerpt":{"rendered":"<p>\u00a1Bienvenido al nuevo espacio de oportunidades en Coopservintes! \u00bfEst\u00e1s buscando un veh\u00edculo confiable y con respaldo? En esta secci\u00f3n de Clasificados, encontrar\u00e1s los carros de nuestros afiliados disponibles para la venta: veh\u00edculos que han sido parte de nuestra flota, cuidados con compromiso y listos para seguir rodando. Aqu\u00ed conectamos a quienes desean vender con quienes buscan invertir en movilidad segura y garantizada. \u00a1Es m\u00e1s que una vitrina, es una red de confianza cooperativa! Explora, encuentra y haz parte del camino con nosotros. Mazda BT50 4X4 Modelo 2012, Diesel 4&#215;4. Tiene placas de Manizales y est\u00e1 afiliado a Coopservintes Valor: $65&#8217;000.000&#8230; <\/p>\n","protected":false},"author":4,"featured_media":0,"parent":0,"menu_order":0,"comment_status":"closed","ping_status":"closed","template":"","meta":{"_monsterinsights_skip_tracking":false,"_monsterinsights_sitenote_active":false,"_monsterinsights_sitenote_note":"","_monsterinsights_sitenote_category":0,"_joinchat":[],"footnotes":""},"class_list":["post-292","page","type-page","status-publish","hentry"],"_links":{"self":[{"href":"https:\/\/coopservintes.com\/index.php\/wp-json\/wp\/v2\/pages\/292","targetHints":{"allow":["GET"]}}],"collection":[{"href":"https:\/\/coopservintes.com\/index.php\/wp-json\/wp\/v2\/pages"}],"about":[{"href":"https:\/\/coopservintes.com\/index.php\/wp-json\/wp\/v2\/types\/page"}],"author":[{"embeddable":true,"href":"https:\/\/coopservintes.com\/index.php\/wp-json\/wp\/v2\/users\/4"}],"replies":[{"embeddable":true,"href":"https:\/\/coopservintes.com\/index.php\/wp-json\/wp\/v2\/comments?post=292"}],"version-history":[{"count":2,"href":"https:\/\/coopservintes.com\/index.php\/wp-json\/wp\/v2\/pages\/292\/revisions"}],"predecessor-version":[{"id":300,"href":"https:\/\/coopservintes.com\/index.php\/wp-json\/wp\/v2\/pages\/292\/revisions\/300"}],"wp:attachment":[{"href":"https:\/\/coopservintes.com\/index.php\/wp-json\/wp\/v2\/media?parent=292"}],"curies":[{"name":"wp","href":"https:\/\/api.w.org\/{rel}","templated":true}]}}