{"id":48,"date":"2020-09-09T20:37:28","date_gmt":"2020-09-09T20:37:28","guid":{"rendered":"http:\/\/terrasof.com\/coopservintes\/?page_id=48"},"modified":"2020-11-20T23:00:22","modified_gmt":"2020-11-20T23:00:22","slug":"acerca-de","status":"publish","type":"page","link":"https:\/\/coopservintes.com\/index.php\/acerca-de\/","title":{"rendered":"Transporte Especial"},"content":{"rendered":"\n<p>COOPSERVINTES CTA, est\u00e1 comprometida con la prestaci\u00f3n del servicio de transporte especial y de carga, por medio de un parque automotor que cumple con los requisitos legales aplicables para su funcionamiento, con el prop\u00f3sito de satisfacer las necesidades del cliente. As\u00ed mismo, est\u00e1 comprometida, con el mejoramiento de las condiciones de trabajo, salud y seguridad de todos los niveles de la cooperativa, trabajadores y partes interesadas. La cooperativa ha identificado, analizando e intervenido los riesgos operativos, financieros, de marco legal y de seguridad y salud en el trabajo, que impacten las partes interesadas y los procesos de la Cooperativa, encaminados al desarrollo de un proceso l\u00f3gico y por etapas, orientado a la mejora continua, que permita mantener la disponibilidad en la prestaci\u00f3n del servicio.<\/p>\n","protected":false},"excerpt":{"rendered":"<p>COOPSERVINTES CTA, est\u00e1 comprometida con la prestaci\u00f3n del servicio de transporte especial y de carga, por medio de un parque automotor que cumple con los requisitos legales aplicables para su funcionamiento, con el prop\u00f3sito de satisfacer las necesidades del cliente. As\u00ed mismo, est\u00e1 comprometida, con el mejoramiento de las condiciones de trabajo, salud y seguridad de todos los niveles de la cooperativa, trabajadores y partes interesadas. La cooperativa ha identificado, analizando e intervenido los riesgos operativos, financieros, de marco legal y de seguridad y salud en el trabajo, que impacten las partes interesadas y los procesos de la Cooperativa, encaminados&#8230; <\/p>\n","protected":false},"author":1,"featured_media":157,"parent":0,"menu_order":0,"comment_status":"closed","ping_status":"closed","template":"","meta":{"_monsterinsights_skip_tracking":false,"_monsterinsights_sitenote_active":false,"_monsterinsights_sitenote_note":"","_monsterinsights_sitenote_category":0,"_joinchat":[],"footnotes":""},"class_list":["post-48","page","type-page","status-publish","has-post-thumbnail","hentry"],"_links":{"self":[{"href":"https:\/\/coopservintes.com\/index.php\/wp-json\/wp\/v2\/pages\/48","targetHints":{"allow":["GET"]}}],"collection":[{"href":"https:\/\/coopservintes.com\/index.php\/wp-json\/wp\/v2\/pages"}],"about":[{"href":"https:\/\/coopservintes.com\/index.php\/wp-json\/wp\/v2\/types\/page"}],"author":[{"embeddable":true,"href":"https:\/\/coopservintes.com\/index.php\/wp-json\/wp\/v2\/users\/1"}],"replies":[{"embeddable":true,"href":"https:\/\/coopservintes.com\/index.php\/wp-json\/wp\/v2\/comments?post=48"}],"version-history":[{"count":15,"href":"https:\/\/coopservintes.com\/index.php\/wp-json\/wp\/v2\/pages\/48\/revisions"}],"predecessor-version":[{"id":163,"href":"https:\/\/coopservintes.com\/index.php\/wp-json\/wp\/v2\/pages\/48\/revisions\/163"}],"wp:featuredmedia":[{"embeddable":true,"href":"https:\/\/coopservintes.com\/index.php\/wp-json\/wp\/v2\/media\/157"}],"wp:attachment":[{"href":"https:\/\/coopservintes.com\/index.php\/wp-json\/wp\/v2\/media?parent=48"}],"curies":[{"name":"wp","href":"https:\/\/api.w.org\/{rel}","templated":true}]}}